{"id":5765,"date":"2025-10-03T03:55:21","date_gmt":"2025-10-03T03:55:21","guid":{"rendered":"http:\/\/themenectar.com\/demo\/salient-blog-dark\/?page_id=5765"},"modified":"2025-10-30T06:13:04","modified_gmt":"2025-10-30T06:13:04","slug":"blog-dark-landing","status":"publish","type":"page","link":"https:\/\/langledessacs.fr\/","title":{"rendered":"Maroquinerie"},"content":{"rendered":"[vc_row type=\u00a0\u00bbfull_width_background\u00a0\u00bb full_screen_row_position=\u00a0\u00bbmiddle\u00a0\u00bb column_margin=\u00a0\u00bbdefault\u00a0\u00bb equal_height=\u00a0\u00bbyes\u00a0\u00bb column_direction=\u00a0\u00bbdefault\u00a0\u00bb column_direction_tablet=\u00a0\u00bbdefault\u00a0\u00bb column_direction_phone=\u00a0\u00bbdefault\u00a0\u00bb bg_color=\u00a0\u00bb#0a0a0a\u00a0\u00bb scene_position=\u00a0\u00bbcenter\u00a0\u00bb top_padding=\u00a0\u00bb60&Prime; bottom_padding=\u00a0\u00bb60&Prime; text_color=\u00a0\u00bblight\u00a0\u00bb text_align=\u00a0\u00bbleft\u00a0\u00bb row_border_radius=\u00a0\u00bbnone\u00a0\u00bb row_border_radius_applies=\u00a0\u00bbbg\u00a0\u00bb overflow=\u00a0\u00bbvisible\u00a0\u00bb overlay_strength=\u00a0\u00bb0.3&Prime; gradient_direction=\u00a0\u00bbleft_to_right\u00a0\u00bb shape_divider_position=\u00a0\u00bbbottom\u00a0\u00bb bg_image_animation=\u00a0\u00bbnone\u00a0\u00bb shape_type=\u00a0\u00bb\u00a0\u00bb gradient_type=\u00a0\u00bbdefault\u00a0\u00bb][vc_column column_padding=\u00a0\u00bbno-extra-padding\u00a0\u00bb column_padding_tablet=\u00a0\u00bbinherit\u00a0\u00bb column_padding_phone=\u00a0\u00bbinherit\u00a0\u00bb column_padding_position=\u00a0\u00bball\u00a0\u00bb top_margin=\u00a0\u00bb-8&Prime; bottom_margin=\u00a0\u00bb10&Prime; column_element_direction_desktop=\u00a0\u00bbdefault\u00a0\u00bb column_element_spacing=\u00a0\u00bbdefault\u00a0\u00bb desktop_text_alignment=\u00a0\u00bbdefault\u00a0\u00bb tablet_text_alignment=\u00a0\u00bbcenter\u00a0\u00bb phone_text_alignment=\u00a0\u00bbcenter\u00a0\u00bb background_color_opacity=\u00a0\u00bb1&Prime; background_hover_color_opacity=\u00a0\u00bb1&Prime; column_backdrop_filter=\u00a0\u00bbnone\u00a0\u00bb column_shadow=\u00a0\u00bbnone\u00a0\u00bb column_border_radius=\u00a0\u00bbnone\u00a0\u00bb column_link_target=\u00a0\u00bb_self\u00a0\u00bb column_position=\u00a0\u00bbdefault\u00a0\u00bb gradient_direction=\u00a0\u00bbleft_to_right\u00a0\u00bb overlay_strength=\u00a0\u00bb0.3&Prime; width=\u00a0\u00bb1\/2&Prime; tablet_width_inherit=\u00a0\u00bbdefault\u00a0\u00bb animation_type=\u00a0\u00bbdefault\u00a0\u00bb bg_image_animation=\u00a0\u00bbnone\u00a0\u00bb border_type=\u00a0\u00bbsimple\u00a0\u00bb column_border_width=\u00a0\u00bbnone\u00a0\u00bb column_border_style=\u00a0\u00bbsolid\u00a0\u00bb column_padding_type=\u00a0\u00bbdefault\u00a0\u00bb gradient_type=\u00a0\u00bbdefault\u00a0\u00bb][vc_column_text css_animation=\u00a0\u00bbfadeInDownBig\u00a0\u00bb css=\u00a0\u00bb.vc_custom_1761804778121{margin-bottom: 30px !important;}\u00a0\u00bb]\n<p>\ud83d\udc5c <strong>Maroquinerie &#038; Bagagerie depuis 2013<\/strong><\/p>\n<p>\nBienvenue dans votre boutique r\u00e9f\u00e9rence \u00e0 Brian\u00e7on pour les amoureux des beaux sacs et des accessoires tendance.<br \/>Depuis plus de 10 ans, nous s\u00e9lectionnons avec soin les marques qui allient style, qualit\u00e9 et durabilit\u00e9 :<br \/>\n<strong>Caba\u00efa, Eastpak, Hindbag, Chabrand, Lollipops<\/strong> et bien d\u2019autres.\n<\/p>\n<p>\nDu sac \u00e0 main \u00e9l\u00e9gant au sac \u00e0 dos fonctionnel, de la petite maroquinerie aux accessoires de voyage,<br \/>\ntrouvez le mod\u00e8le qui vous accompagnera partout, en ville comme \u00e0 la montagne.<br \/>\u2728 Des nouveaut\u00e9s toute l\u2019ann\u00e9e, des collections inspir\u00e9es, et un accueil chaleureux vous attendent au<br \/>\n<strong>20 rue Centrale \u2013 Brian\u00e7on<\/strong>.\n<\/p>\n<p>\ud83d\udcc5 <strong>Ouvert du mardi au samedi<\/strong><\/p>\n<p>Venez d\u00e9couvrir notre univers color\u00e9 et responsable !<\/p>\n<p><!-- \ud83d\udd39 Ligne contact + r\u00e9seaux --><\/p>\n<div style=\"display:flex; align-items:center; justify-content:flex-start; gap:20px; margin-top:18px; flex-wrap:wrap;\">\n<p>  <!-- T\u00e9l\u00e9phone (ic\u00f4ne seule, cliquable) --><\/p>\n<div style=\"display:inline-flex; align-items:center;\">\n    <a href=\"tel:+33983805358\" style=\"display:inline-flex; align-items:center;\"><br \/>\n      <img decoding=\"async\" src=\"https:\/\/langledessacs.fr\/wp-content\/uploads\/2025\/10\/phone.png\" alt=\"Appeler\" style=\"height:50px; width:auto; display:block;\"><br \/>\n    <\/a>\n  <\/div>\n<p>  <!-- Facebook --><\/p>\n<div style=\"display:inline-flex; align-items:center;\">\n    <a href=\"https:\/\/www.facebook.com\/maroquinerielangledessacs\/?locale=fr_FR\" target=\"_blank\" rel=\"noopener\"><br \/>\n      <img decoding=\"async\" src=\"https:\/\/langledessacs.fr\/wp-content\/uploads\/2025\/10\/Sans-titre.png\" alt=\"Facebook\" style=\"height:55px; width:auto; display:block;\"><br \/>\n    <\/a>\n  <\/div>\n<p>  <!-- Instagram --><\/p>\n<div style=\"display:inline-flex; align-items:center;\">\n    <a href=\"https:\/\/www.instagram.com\/langledessacs\/\" target=\"_blank\" rel=\"noopener\"><br \/>\n      <img decoding=\"async\" src=\"https:\/\/langledessacs.fr\/wp-content\/uploads\/2025\/10\/images.png\" alt=\"Instagram\" style=\"height:55px; width:auto; display:block;\"><br \/>\n    <\/a>\n  <\/div>\n<\/div>\n[\/vc_column_text][\/vc_column][vc_column column_padding=\u00a0\u00bbno-extra-padding\u00a0\u00bb column_padding_tablet=\u00a0\u00bbinherit\u00a0\u00bb column_padding_phone=\u00a0\u00bbinherit\u00a0\u00bb column_padding_position=\u00a0\u00bball\u00a0\u00bb column_element_direction_desktop=\u00a0\u00bbdefault\u00a0\u00bb column_element_spacing=\u00a0\u00bbdefault\u00a0\u00bb desktop_text_alignment=\u00a0\u00bbdefault\u00a0\u00bb tablet_text_alignment=\u00a0\u00bbdefault\u00a0\u00bb phone_text_alignment=\u00a0\u00bbdefault\u00a0\u00bb background_color_opacity=\u00a0\u00bb1&Prime; background_hover_color_opacity=\u00a0\u00bb1&Prime; column_backdrop_filter=\u00a0\u00bbnone\u00a0\u00bb column_shadow=\u00a0\u00bbnone\u00a0\u00bb column_border_radius=\u00a0\u00bbnone\u00a0\u00bb column_link_target=\u00a0\u00bb_self\u00a0\u00bb column_position=\u00a0\u00bbdefault\u00a0\u00bb gradient_direction=\u00a0\u00bbleft_to_right\u00a0\u00bb overlay_strength=\u00a0\u00bb0.3&Prime; width=\u00a0\u00bb1\/2&Prime; tablet_width_inherit=\u00a0\u00bbdefault\u00a0\u00bb animation_type=\u00a0\u00bbdefault\u00a0\u00bb bg_image_animation=\u00a0\u00bbnone\u00a0\u00bb border_type=\u00a0\u00bbsimple\u00a0\u00bb column_border_width=\u00a0\u00bbnone\u00a0\u00bb column_border_style=\u00a0\u00bbsolid\u00a0\u00bb][image_with_animation image_url=\u00a0\u00bb5878&Prime; image_size=\u00a0\u00bbfull\u00a0\u00bb animation_type=\u00a0\u00bbentrance\u00a0\u00bb animation=\u00a0\u00bbFade In From Right\u00a0\u00bb animation_easing=\u00a0\u00bbdefault\u00a0\u00bb animation_movement_type=\u00a0\u00bbtransform_y\u00a0\u00bb hover_animation=\u00a0\u00bbnone\u00a0\u00bb alignment=\u00a0\u00bb\u00a0\u00bb border_radius=\u00a0\u00bbnone\u00a0\u00bb box_shadow=\u00a0\u00bbnone\u00a0\u00bb image_loading=\u00a0\u00bbdefault\u00a0\u00bb max_width=\u00a0\u00bb100%\u00a0\u00bb max_width_mobile=\u00a0\u00bbdefault\u00a0\u00bb][\/vc_column][\/vc_row][vc_row type=\u00a0\u00bbfull_width_content\u00a0\u00bb full_screen_row_position=\u00a0\u00bbmiddle\u00a0\u00bb column_margin=\u00a0\u00bbdefault\u00a0\u00bb vertically_center_columns=\u00a0\u00bbtrue\u00a0\u00bb column_direction=\u00a0\u00bbdefault\u00a0\u00bb column_direction_tablet=\u00a0\u00bbdefault\u00a0\u00bb column_direction_phone=\u00a0\u00bbdefault\u00a0\u00bb bg_color=\u00a0\u00bb#000000&Prime; scene_position=\u00a0\u00bbcenter\u00a0\u00bb top_padding=\u00a0\u00bb26&Prime; bottom_padding=\u00a0\u00bb0&Prime; text_color=\u00a0\u00bbdark\u00a0\u00bb text_align=\u00a0\u00bbleft\u00a0\u00bb row_border_radius=\u00a0\u00bbnone\u00a0\u00bb row_border_radius_applies=\u00a0\u00bbbg\u00a0\u00bb overflow=\u00a0\u00bbvisible\u00a0\u00bb overlay_strength=\u00a0\u00bb0.3&Prime; gradient_direction=\u00a0\u00bbleft_to_right\u00a0\u00bb shape_divider_position=\u00a0\u00bbbottom\u00a0\u00bb bg_image_animation=\u00a0\u00bbnone\u00a0\u00bb shape_type=\u00a0\u00bb\u00a0\u00bb gradient_type=\u00a0\u00bbdefault\u00a0\u00bb][vc_column column_padding=\u00a0\u00bbno-extra-padding\u00a0\u00bb column_padding_tablet=\u00a0\u00bbinherit\u00a0\u00bb column_padding_phone=\u00a0\u00bbinherit\u00a0\u00bb column_padding_position=\u00a0\u00bball\u00a0\u00bb column_element_direction_desktop=\u00a0\u00bbdefault\u00a0\u00bb column_element_spacing=\u00a0\u00bbdefault\u00a0\u00bb desktop_text_alignment=\u00a0\u00bbdefault\u00a0\u00bb tablet_text_alignment=\u00a0\u00bbdefault\u00a0\u00bb phone_text_alignment=\u00a0\u00bbdefault\u00a0\u00bb background_color_opacity=\u00a0\u00bb1&Prime; background_hover_color_opacity=\u00a0\u00bb1&Prime; column_backdrop_filter=\u00a0\u00bbnone\u00a0\u00bb column_shadow=\u00a0\u00bbnone\u00a0\u00bb column_border_radius=\u00a0\u00bbnone\u00a0\u00bb column_link_target=\u00a0\u00bb_self\u00a0\u00bb column_position=\u00a0\u00bbdefault\u00a0\u00bb gradient_direction=\u00a0\u00bbleft_to_right\u00a0\u00bb overlay_strength=\u00a0\u00bb0.3&Prime; width=\u00a0\u00bb1\/1&Prime; tablet_width_inherit=\u00a0\u00bbdefault\u00a0\u00bb animation_type=\u00a0\u00bbdefault\u00a0\u00bb bg_image_animation=\u00a0\u00bbnone\u00a0\u00bb border_type=\u00a0\u00bbsimple\u00a0\u00bb column_border_width=\u00a0\u00bbnone\u00a0\u00bb column_border_style=\u00a0\u00bbsolid\u00a0\u00bb][vc_column_text css_animation=\u00a0\u00bbzoomInUp\u00a0\u00bb css=\u00a0\u00bb.vc_custom_1761655151542{background-color: #2d1000 !important;border-radius: 2px !important;}\u00a0\u00bb]\n<div class=\"xdj266r x14z9mp xat24cr x1lziwak x1vvkbs x126k92a\">\n<div dir=\"auto\" style=\"text-align: center;\"><span style=\"color: #ffffff;\">Hindbag en velours\u00a0<\/span><\/div>\n<\/div>\n<div class=\"x14z9mp xat24cr x1lziwak x1vvkbs xtlvy1s x126k92a\">\n<div dir=\"auto\" style=\"text-align: center;\"><span style=\"color: #ffffff;\">Des coloris et formats vari\u00e9s pour s\u2019adapter \u00e0 tous les styles et toutes les envies !<\/span><\/div>\n<\/div>\n[\/vc_column_text][vc_gallery type=\u00a0\u00bbimage_grid\u00a0\u00bb images=\u00a0\u00bb5848,5849,5850,5851&Prime; image_grid_loading=\u00a0\u00bbskip-lazy-load\u00a0\u00bb layout=\u00a0\u00bb4&Prime; masonry_style=\u00a0\u00bbtrue\u00a0\u00bb item_spacing=\u00a0\u00bb2px\u00a0\u00bb gallery_style=\u00a0\u00bb7&Prime; load_in_animation=\u00a0\u00bbnone\u00a0\u00bb css=\u00a0\u00bb.vc_custom_1761563378904{background-color: #5356bc !important;}\u00a0\u00bb][vc_column_text css_animation=\u00a0\u00bblightSpeedIn\u00a0\u00bb css=\u00a0\u00bb.vc_custom_1761655183525{background-color: #2d1000 !important;}\u00a0\u00bb]\n<div class=\"x14z9mp xat24cr x1lziwak x1vvkbs xtlvy1s x126k92a\">\n<div dir=\"auto\" style=\"text-align: center;\">\n<div class=\"xdj266r x14z9mp xat24cr x1lziwak x1vvkbs x126k92a\">\n<div dir=\"auto\"><span style=\"color: #ffffff;\"> Vous \u00eates sur le d\u00e9part ?<\/span><\/div>\n<\/div>\n<div class=\"x14z9mp xat24cr x1lziwak x1vvkbs xtlvy1s x126k92a\">\n<div dir=\"auto\"><span style=\"color: #ffffff;\">\u00a0D\u00e9couvrez nos valises et sacs de voyage, d\u00e9clin\u00e9s sous toutes les formes et styles, pens\u00e9s pour chaque type de s\u00e9jour.<\/span><\/div>\n<div dir=\"auto\"><span style=\"color: #ffffff;\"> Week-end ou long voyage, trouvez le compagnon id\u00e9al qui allie \u00e9l\u00e9gance et praticit\u00e9\u00a0<\/span><\/div>\n<\/div>\n<div class=\"x14z9mp xat24cr x1lziwak x1vvkbs xtlvy1s x126k92a\">\n<div dir=\"auto\"><span style=\"color: #ffffff;\">Alors\u2026 laquelle sera votre compagne de route ?<\/span><\/div>\n<\/div>\n<\/div>\n<\/div>\n[\/vc_column_text][vc_gallery type=\u00a0\u00bbimage_grid\u00a0\u00bb images=\u00a0\u00bb5854,5855,5856,5857&Prime; image_grid_loading=\u00a0\u00bbskip-lazy-load\u00a0\u00bb layout=\u00a0\u00bb4&Prime; masonry_style=\u00a0\u00bbtrue\u00a0\u00bb bypass_image_cropping=\u00a0\u00bbtrue\u00a0\u00bb item_spacing=\u00a0\u00bb2px\u00a0\u00bb gallery_style=\u00a0\u00bb7&Prime; load_in_animation=\u00a0\u00bbnone\u00a0\u00bb css=\u00a0\u00bb.vc_custom_1761648779899{background-color: #5356bc !important;}\u00a0\u00bb][vc_column_text css_animation=\u00a0\u00bbappear\u00a0\u00bb css=\u00a0\u00bb.vc_custom_1761655205436{background-color: #2d1000 !important;}\u00a0\u00bb]\n<div class=\"xdj266r x14z9mp xat24cr x1lziwak x1vvkbs x126k92a\">\n<h4 dir=\"auto\" style=\"text-align: center;\"><span style=\"color: #ffffff;\">Osez le l\u00e9opard avec Mac Alyster <\/span><\/h4>\n<\/div>\n<div class=\"x14z9mp xat24cr x1lziwak x1vvkbs xtlvy1s x126k92a\">\n<div dir=\"auto\" style=\"text-align: center;\"><span style=\"color: #ffffff;\">Imprim\u00e9 sauvage, d\u00e9tails en cuir marron\u00a0<\/span><\/div>\n<div dir=\"auto\" style=\"text-align: center;\"><span style=\"color: #ffffff;\">Sac \u00e0 main ou bandouli\u00e8re, pour un style unique et sophistiqu\u00e9\u00a0<\/span><\/div>\n<\/div>\n[\/vc_column_text][vc_gallery type=\u00a0\u00bbimage_grid\u00a0\u00bb images=\u00a0\u00bb5860,5861,5862,5863&Prime; image_grid_loading=\u00a0\u00bbskip-lazy-load\u00a0\u00bb layout=\u00a0\u00bb4&Prime; masonry_style=\u00a0\u00bbtrue\u00a0\u00bb bypass_image_cropping=\u00a0\u00bbtrue\u00a0\u00bb item_spacing=\u00a0\u00bb2px\u00a0\u00bb gallery_style=\u00a0\u00bb7&Prime; load_in_animation=\u00a0\u00bbperspective\u00a0\u00bb css=\u00a0\u00bb.vc_custom_1761649482762{background-color: #5356bc !important;}\u00a0\u00bb][vc_column_text css_animation=\u00a0\u00bbappear\u00a0\u00bb css=\u00a0\u00bb.vc_custom_1761655227133{background-color: #2d1000 !important;}\u00a0\u00bb]\n<div class=\"xdj266r x14z9mp xat24cr x1lziwak x1vvkbs x126k92a\">\n<h4 dir=\"auto\" style=\"text-align: center;\"><span class=\"x193iq5w xeuugli x13faqbe x1vvkbs x1xmvt09 x1lliihq x1s928wv xhkezso x1gmr53x x1cpjm7i x1fgarty x1943h6x xudqn12 x3x7a5m x6prxxf xvq8zen xo1l8bm xzsf02u x1yc453h\" dir=\"auto\" style=\"color: #ffffff;\">Mac Alyster : \u00e9l\u00e9gance au quotidien<\/span><\/h4>\n<div dir=\"auto\" style=\"text-align: center;\"><span style=\"color: #ffffff;\">Sacs \u00e0 main disponibles en trois coloris et deux tailles, pour s\u2019adapter \u00e0 toutes vos envies <\/span><\/div>\n<div dir=\"auto\" style=\"text-align: center;\"><span style=\"color: #ffffff;\">Le compagnon parfait pour sublimer toutes vos tenues\u00a0<\/span><\/div>\n<\/div>\n<div class=\"x14z9mp xat24cr x1lziwak x1vvkbs xtlvy1s x126k92a\">\n<div dir=\"auto\" style=\"text-align: center;\"><span style=\"color: #ffffff;\">Imprim\u00e9 sauvage, d\u00e9tails en cuir marron\u00a0<\/span><\/div>\n<div dir=\"auto\" style=\"text-align: center;\"><span style=\"color: #ffffff;\">Sac \u00e0 main ou bandouli\u00e8re, pour un style unique et sophistiqu\u00e9\u00a0<\/span><\/div>\n<\/div>\n[\/vc_column_text][vc_gallery type=\u00a0\u00bbimage_grid\u00a0\u00bb images=\u00a0\u00bb5865,5867,5866&Prime; image_grid_loading=\u00a0\u00bbskip-lazy-load\u00a0\u00bb layout=\u00a0\u00bb3&Prime; masonry_style=\u00a0\u00bbtrue\u00a0\u00bb bypass_image_cropping=\u00a0\u00bbtrue\u00a0\u00bb item_spacing=\u00a0\u00bb2px\u00a0\u00bb gallery_style=\u00a0\u00bb7&Prime; load_in_animation=\u00a0\u00bbperspective\u00a0\u00bb css=\u00a0\u00bb.vc_custom_1761650280807{background-color: #5356bc !important;}\u00a0\u00bb][vc_column_text css_animation=\u00a0\u00bbappear\u00a0\u00bb css=\u00a0\u00bb.vc_custom_1761655254755{background-color: #2d1000 !important;}\u00a0\u00bb]\n<div class=\"xdj266r x14z9mp xat24cr x1lziwak x1vvkbs x126k92a\">\n<div dir=\"auto\" style=\"text-align: center;\"><span style=\"color: #ffffff;\">Mixez style et fonctionnalit\u00e9<\/span><\/div>\n<div dir=\"auto\" style=\"text-align: center;\"><span style=\"color: #ffffff;\">Choisissez la taille, la mati\u00e8re et la couleur qui vous ressemble ! <\/span><\/div>\n<div dir=\"auto\" style=\"text-align: center;\"><span style=\"color: #ffffff;\">Les sacs \u00e0 dos Cabaia vous accompagnent partout au quotidien<br \/>\n<\/span><\/div>\n<\/div>\n[\/vc_column_text][vc_gallery type=\u00a0\u00bbflickity_static_height_style\u00a0\u00bb images=\u00a0\u00bb5870,5871,5872,5873,5874&Prime; flickity_spacing=\u00a0\u00bbdefault\u00a0\u00bb flickity_controls=\u00a0\u00bbpagination\u00a0\u00bb flickity_overflow=\u00a0\u00bbhidden\u00a0\u00bb flickity_wrap_around=\u00a0\u00bbwrap\u00a0\u00bb flickity_image_parallax=\u00a0\u00bbtrue\u00a0\u00bb flickity_autoplay=\u00a0\u00bbtrue\u00a0\u00bb flickity_box_shadow=\u00a0\u00bbnone\u00a0\u00bb image_loading=\u00a0\u00bbdefault\u00a0\u00bb onclick=\u00a0\u00bblink_no\u00a0\u00bb css=\u00a0\u00bb.vc_custom_1761651291815{background-color: #5356bc !important;}\u00a0\u00bb][vc_raw_html]JTIwJTVCb3Blbi11c2VyLW1hcCU1RA==[\/vc_raw_html][\/vc_column][\/vc_row]\n","protected":false},"excerpt":{"rendered":"<p>[vc_row type=\u00a0\u00bbfull_width_background\u00a0\u00bb full_screen_row_position=\u00a0\u00bbmiddle\u00a0\u00bb column_margin=\u00a0\u00bbdefault\u00a0\u00bb equal_height=\u00a0\u00bbyes\u00a0\u00bb column_direction=\u00a0\u00bbdefault\u00a0\u00bb column_direction_tablet=\u00a0\u00bbdefault\u00a0\u00bb column_direction_phone=\u00a0\u00bbdefault\u00a0\u00bb bg_color=\u00a0\u00bb#0a0a0a\u00a0\u00bb scene_position=\u00a0\u00bbcenter\u00a0\u00bb top_padding=\u00a0\u00bb60&Prime; bottom_padding=\u00a0\u00bb60&Prime; text_color=\u00a0\u00bblight\u00a0\u00bb text_align=\u00a0\u00bbleft\u00a0\u00bb row_border_radius=\u00a0\u00bbnone\u00a0\u00bb row_border_radius_applies=\u00a0\u00bbbg\u00a0\u00bb overflow=\u00a0\u00bbvisible\u00a0\u00bb overlay_strength=\u00a0\u00bb0.3&Prime; gradient_direction=\u00a0\u00bbleft_to_right\u00a0\u00bb shape_divider_position=\u00a0\u00bbbottom\u00a0\u00bb bg_image_animation=\u00a0\u00bbnone\u00a0\u00bb shape_type=\u00a0\u00bb\u00a0\u00bb gradient_type=\u00a0\u00bbdefault\u00a0\u00bb][vc_column column_padding=\u00a0\u00bbno-extra-padding\u00a0\u00bb column_padding_tablet=\u00a0\u00bbinherit\u00a0\u00bb&#8230;<\/p>\n","protected":false},"author":1,"featured_media":0,"parent":0,"menu_order":0,"comment_status":"closed","ping_status":"closed","template":"","meta":{"footnotes":""},"class_list":["post-5765","page","type-page","status-publish"],"yoast_head":"<!-- This site is optimized with the Yoast SEO plugin v26.2 - https:\/\/yoast.com\/wordpress\/plugins\/seo\/ -->\n<title>Maroquinerie - L&#039;Angle Des Sacs-Brian\u00e7on<\/title>\n<meta name=\"description\" content=\"Maroquinerie &amp; Bagagerie depuis 2013 \u00e0 Brian\u00e7on, Bienvenue dans votre boutique r\u00e9f\u00e9rence \u00e0 Brian\u00e7on pour les amoureux des beaux sacs et des accessoires tendance.\" \/>\n<meta name=\"robots\" content=\"index, follow, max-snippet:-1, max-image-preview:large, max-video-preview:-1\" \/>\n<link rel=\"canonical\" href=\"https:\/\/langledessacs.fr\/\" \/>\n<meta property=\"og:locale\" content=\"fr_FR\" \/>\n<meta property=\"og:type\" content=\"article\" \/>\n<meta property=\"og:title\" content=\"Maroquinerie - L&#039;Angle Des Sacs-Brian\u00e7on\" \/>\n<meta property=\"og:description\" content=\"Maroquinerie &amp; Bagagerie depuis 2013 \u00e0 Brian\u00e7on, Bienvenue dans votre boutique r\u00e9f\u00e9rence \u00e0 Brian\u00e7on pour les amoureux des beaux sacs et des accessoires tendance.\" \/>\n<meta property=\"og:url\" content=\"https:\/\/langledessacs.fr\/\" \/>\n<meta property=\"og:site_name\" content=\"L&#039;Angle Des Sacs-Brian\u00e7on\" \/>\n<meta property=\"article:modified_time\" content=\"2025-10-30T06:13:04+00:00\" \/>\n<meta property=\"og:image\" content=\"https:\/\/langledessacs.fr\/wp-content\/uploads\/2025\/10\/phone.png\" \/>\n<meta name=\"twitter:card\" content=\"summary_large_image\" \/>\n<meta name=\"twitter:label1\" content=\"Dur\u00e9e de lecture estim\u00e9e\" \/>\n\t<meta name=\"twitter:data1\" content=\"4 minutes\" \/>\n<script type=\"application\/ld+json\" class=\"yoast-schema-graph\">{\"@context\":\"https:\/\/schema.org\",\"@graph\":[{\"@type\":\"WebPage\",\"@id\":\"https:\/\/langledessacs.fr\/\",\"url\":\"https:\/\/langledessacs.fr\/\",\"name\":\"Maroquinerie - L&#039;Angle Des Sacs-Brian\u00e7on\",\"isPartOf\":{\"@id\":\"https:\/\/langledessacs.fr\/#website\"},\"primaryImageOfPage\":{\"@id\":\"https:\/\/langledessacs.fr\/#primaryimage\"},\"image\":{\"@id\":\"https:\/\/langledessacs.fr\/#primaryimage\"},\"thumbnailUrl\":\"https:\/\/langledessacs.fr\/wp-content\/uploads\/2025\/10\/phone.png\",\"datePublished\":\"2025-10-03T03:55:21+00:00\",\"dateModified\":\"2025-10-30T06:13:04+00:00\",\"description\":\"Maroquinerie & Bagagerie depuis 2013 \u00e0 Brian\u00e7on, Bienvenue dans votre boutique r\u00e9f\u00e9rence \u00e0 Brian\u00e7on pour les amoureux des beaux sacs et des accessoires tendance.\",\"breadcrumb\":{\"@id\":\"https:\/\/langledessacs.fr\/#breadcrumb\"},\"inLanguage\":\"fr-FR\",\"potentialAction\":[{\"@type\":\"ReadAction\",\"target\":[\"https:\/\/langledessacs.fr\/\"]}]},{\"@type\":\"ImageObject\",\"inLanguage\":\"fr-FR\",\"@id\":\"https:\/\/langledessacs.fr\/#primaryimage\",\"url\":\"https:\/\/langledessacs.fr\/wp-content\/uploads\/2025\/10\/phone.png\",\"contentUrl\":\"https:\/\/langledessacs.fr\/wp-content\/uploads\/2025\/10\/phone.png\",\"width\":50,\"height\":50},{\"@type\":\"BreadcrumbList\",\"@id\":\"https:\/\/langledessacs.fr\/#breadcrumb\",\"itemListElement\":[{\"@type\":\"ListItem\",\"position\":1,\"name\":\"Accueil\",\"item\":\"https:\/\/langledessacs.fr\/\"},{\"@type\":\"ListItem\",\"position\":2,\"name\":\"Maroquinerie\"}]},{\"@type\":\"WebSite\",\"@id\":\"https:\/\/langledessacs.fr\/#website\",\"url\":\"https:\/\/langledessacs.fr\/\",\"name\":\"L&#039;Angle Des Sacs-Brian\u00e7on\",\"description\":\"Maroquinerie &amp; bagagerie depuis 2013 \",\"potentialAction\":[{\"@type\":\"SearchAction\",\"target\":{\"@type\":\"EntryPoint\",\"urlTemplate\":\"https:\/\/langledessacs.fr\/?s={search_term_string}\"},\"query-input\":{\"@type\":\"PropertyValueSpecification\",\"valueRequired\":true,\"valueName\":\"search_term_string\"}}],\"inLanguage\":\"fr-FR\"}]}<\/script>\n<!-- \/ Yoast SEO plugin. -->","yoast_head_json":{"title":"Maroquinerie - L&#039;Angle Des Sacs-Brian\u00e7on","description":"Maroquinerie & Bagagerie depuis 2013 \u00e0 Brian\u00e7on, Bienvenue dans votre boutique r\u00e9f\u00e9rence \u00e0 Brian\u00e7on pour les amoureux des beaux sacs et des accessoires tendance.","robots":{"index":"index","follow":"follow","max-snippet":"max-snippet:-1","max-image-preview":"max-image-preview:large","max-video-preview":"max-video-preview:-1"},"canonical":"https:\/\/langledessacs.fr\/","og_locale":"fr_FR","og_type":"article","og_title":"Maroquinerie - L&#039;Angle Des Sacs-Brian\u00e7on","og_description":"Maroquinerie & Bagagerie depuis 2013 \u00e0 Brian\u00e7on, Bienvenue dans votre boutique r\u00e9f\u00e9rence \u00e0 Brian\u00e7on pour les amoureux des beaux sacs et des accessoires tendance.","og_url":"https:\/\/langledessacs.fr\/","og_site_name":"L&#039;Angle Des Sacs-Brian\u00e7on","article_modified_time":"2025-10-30T06:13:04+00:00","og_image":[{"url":"https:\/\/langledessacs.fr\/wp-content\/uploads\/2025\/10\/phone.png","type":"","width":"","height":""}],"twitter_card":"summary_large_image","twitter_misc":{"Dur\u00e9e de lecture estim\u00e9e":"4 minutes"},"schema":{"@context":"https:\/\/schema.org","@graph":[{"@type":"WebPage","@id":"https:\/\/langledessacs.fr\/","url":"https:\/\/langledessacs.fr\/","name":"Maroquinerie - L&#039;Angle Des Sacs-Brian\u00e7on","isPartOf":{"@id":"https:\/\/langledessacs.fr\/#website"},"primaryImageOfPage":{"@id":"https:\/\/langledessacs.fr\/#primaryimage"},"image":{"@id":"https:\/\/langledessacs.fr\/#primaryimage"},"thumbnailUrl":"https:\/\/langledessacs.fr\/wp-content\/uploads\/2025\/10\/phone.png","datePublished":"2025-10-03T03:55:21+00:00","dateModified":"2025-10-30T06:13:04+00:00","description":"Maroquinerie & Bagagerie depuis 2013 \u00e0 Brian\u00e7on, Bienvenue dans votre boutique r\u00e9f\u00e9rence \u00e0 Brian\u00e7on pour les amoureux des beaux sacs et des accessoires tendance.","breadcrumb":{"@id":"https:\/\/langledessacs.fr\/#breadcrumb"},"inLanguage":"fr-FR","potentialAction":[{"@type":"ReadAction","target":["https:\/\/langledessacs.fr\/"]}]},{"@type":"ImageObject","inLanguage":"fr-FR","@id":"https:\/\/langledessacs.fr\/#primaryimage","url":"https:\/\/langledessacs.fr\/wp-content\/uploads\/2025\/10\/phone.png","contentUrl":"https:\/\/langledessacs.fr\/wp-content\/uploads\/2025\/10\/phone.png","width":50,"height":50},{"@type":"BreadcrumbList","@id":"https:\/\/langledessacs.fr\/#breadcrumb","itemListElement":[{"@type":"ListItem","position":1,"name":"Accueil","item":"https:\/\/langledessacs.fr\/"},{"@type":"ListItem","position":2,"name":"Maroquinerie"}]},{"@type":"WebSite","@id":"https:\/\/langledessacs.fr\/#website","url":"https:\/\/langledessacs.fr\/","name":"L&#039;Angle Des Sacs-Brian\u00e7on","description":"Maroquinerie &amp; bagagerie depuis 2013 ","potentialAction":[{"@type":"SearchAction","target":{"@type":"EntryPoint","urlTemplate":"https:\/\/langledessacs.fr\/?s={search_term_string}"},"query-input":{"@type":"PropertyValueSpecification","valueRequired":true,"valueName":"search_term_string"}}],"inLanguage":"fr-FR"}]}},"_links":{"self":[{"href":"https:\/\/langledessacs.fr\/index.php?rest_route=\/wp\/v2\/pages\/5765","targetHints":{"allow":["GET"]}}],"collection":[{"href":"https:\/\/langledessacs.fr\/index.php?rest_route=\/wp\/v2\/pages"}],"about":[{"href":"https:\/\/langledessacs.fr\/index.php?rest_route=\/wp\/v2\/types\/page"}],"author":[{"embeddable":true,"href":"https:\/\/langledessacs.fr\/index.php?rest_route=\/wp\/v2\/users\/1"}],"replies":[{"embeddable":true,"href":"https:\/\/langledessacs.fr\/index.php?rest_route=%2Fwp%2Fv2%2Fcomments&post=5765"}],"version-history":[{"count":37,"href":"https:\/\/langledessacs.fr\/index.php?rest_route=\/wp\/v2\/pages\/5765\/revisions"}],"predecessor-version":[{"id":5928,"href":"https:\/\/langledessacs.fr\/index.php?rest_route=\/wp\/v2\/pages\/5765\/revisions\/5928"}],"wp:attachment":[{"href":"https:\/\/langledessacs.fr\/index.php?rest_route=%2Fwp%2Fv2%2Fmedia&parent=5765"}],"curies":[{"name":"wp","href":"https:\/\/api.w.org\/{rel}","templated":true}]}}